{"id":1422,"date":"2021-09-03T09:03:11","date_gmt":"2021-09-03T07:03:11","guid":{"rendered":"https:\/\/pontprecis.es\/politica-de-privacitat\/"},"modified":"2021-09-03T09:03:23","modified_gmt":"2021-09-03T07:03:23","slug":"politica-de-privacitat","status":"publish","type":"page","link":"https:\/\/pontprecis.es\/ca\/politica-de-privacitat\/","title":{"rendered":"Pol\u00edtica de privacitat"},"content":{"rendered":"\n<p><strong>PONT PRECIS, SLU<\/strong> \u00e9s l&#8217;entitat i titular d&#8217;aquest lloc web (en endavant el &#8220;Website&#8221;), amb domicili social a <strong>EL PONT DE VILOMARA, P. I. EL PONT, C\/ LES FONTS 31 08254 BARCELONA<\/strong>,amb CIF n\u00fam. <strong>B64698293<\/strong> i que est\u00e0 destinada a la fabricaci\u00f3 i el disseny de matrius i utillatges.<\/p>\n\n<p><strong>PONT PRECIS, SLU<\/strong> li garanteix la protecci\u00f3 de totes les dades de car\u00e0cter personal que proporcioni l&#8217;Usuari en el Website i, en compliment del que disposa la Llei Org\u00e0nica 15\/1999, de 13 de desembre de Protecci\u00f3 de Dades de Car\u00e0cter Personal, en li RD 1720 \/ 2007 de 21 de desembre i restant normativa d&#8217;aplicaci\u00f3, l&#8217;informa que:<\/p>\n\n<p>a) Totes les dades de car\u00e0cter personal facilitades a <strong>PONT PRECIS, SLU<\/strong> seran tractades per aquesta d&#8217;acord amb la Llei Org\u00e0nica 15\/1999 de 13 de desembre de Protecci\u00f3 de Dades de Car\u00e0cter Personal i el RD 1720\/2007 de 21 de desembre i quedaran incorporades al fitxer USUARIS DE LA P\u00c0GINA WEB, creat i mantingut sota la responsabilitat de <strong>PONT PRECIS, SLU<\/strong>, que ha estat degudament registrat a l&#8217;Ag\u00e8ncia Espanyola de Protecci\u00f3 de Dades.<\/p>\n\n<p>b) Les dades s\u00f3n recaptats amb les seg\u00fcents finalitats: (I) gesti\u00f3, estudi i resoluci\u00f3 de consultes i (Ii) enviament de publicitat i prospecci\u00f3 comercial per mitjans electr\u00f2nics, sobre l&#8217;empresa, les seves activitats, productes i serveis, aix\u00ed com documentaci\u00f3 de diversa naturalesa. <\/p>\n\n<p>c) En la recollida i el tractament de les dades de car\u00e0cter personal s&#8217;han adoptat les mesures de seguretat adequades per evitar la p\u00e8rdua, l&#8217;acc\u00e9s no autoritzat o la manipulaci\u00f3 dels mateixos, d&#8217;acord amb el que estableix el Reial Decret 1720\/2007 , de 21 de desembre. <\/p>\n\n<p>d) <strong>PONT PRECIS, SLU<\/strong> es compromet a protegir la informaci\u00f3 confidencial a la que tingui acc\u00e9s.<\/p>\n\n<p>e) <strong>PONT PRECIS, SLU<\/strong> no utilitzar\u00e0 en cap cas les dades de car\u00e0cter personal que vost\u00e8 posi a la seva disposici\u00f3 per prestar serveis a tercers diferents dels referits a l&#8217;apartat b) de el present document o, si escau, per aconseguir una utilitat pr\u00f2pia.<\/p>\n\n<p>f) L&#8217;usuari certifica que \u00e9s major de 14 anys i que per tant t\u00e9 la capacitat legal necess\u00e0ria per a la prestaci\u00f3 de l&#8217;consentiment pel que fa a el tractament de les seves dades de car\u00e0cter personal i tot aix\u00f2, de conformitat amb el que estableix la present Pol\u00edtica de privadesa.<\/p>\n\n<p>g) L&#8217;usuari pot, en tot moment, exercir els drets d&#8217;acc\u00e9s, rectificaci\u00f3, cancel\u00b7laci\u00f3 i oposici\u00f3 sobre les seves dades personals, aix\u00ed com el de revocaci\u00f3 de consentiment per a qualsevol de les finalitats abans assenyalades, enviant a <strong>PONT PRECIS, SLU<\/strong> carta degudament signada a la nostra adre\u00e7a postal, on constin clarament les dades de contacte, a la qual haur\u00e0 d&#8217;acompanyar fotoc\u00f2pia del seu DNI \/ NIF o document que acrediti la seva identitat.<\/p>\n\n<p>h) L&#8217;Usuari autoritza a el tractament automatitzat de les dades personals subministrades en els termes indicats. Per aix\u00f2 premi el bot\u00f3 &#8220;ENVIAR&#8221; que es troba despr\u00e9s del formulari de recollida de dades.<\/p>\n","protected":false},"excerpt":{"rendered":"<p>PONT PRECIS, SLU \u00e9s l&#8217;entitat i titular d&#8217;aquest lloc web (en endavant el &#8220;Website&#8221;), amb domicili social a EL PONT DE VILOMARA, P. I. EL PONT, C\/ LES FONTS 31 08254 BARCELONA,amb CIF n\u00fam. B64698293 i que est\u00e0 destinada a la fabricaci\u00f3 i el disseny de matrius i utillatges. PONT PRECIS, SLU li garanteix la [&hellip;]<\/p>\n","protected":false},"author":1,"featured_media":0,"parent":0,"menu_order":0,"comment_status":"closed","ping_status":"closed","template":"","meta":{"site-sidebar-layout":"default","site-content-layout":"default","ast-site-content-layout":"default","site-content-style":"default","site-sidebar-style":"default","ast-global-header-display":"","ast-banner-title-visibility":"","ast-main-header-display":"","ast-hfb-above-header-display":"","ast-hfb-below-header-display":"","ast-hfb-mobile-header-display":"","site-post-title":"","ast-breadcrumbs-content":"","ast-featured-img":"","footer-sml-layout":"","ast-disable-related-posts":"","theme-transparent-header-meta":"default","adv-header-id-meta":"","stick-header-meta":"default","header-above-stick-meta":"","header-main-stick-meta":"","header-below-stick-meta":"","astra-migrate-meta-layouts":"default","ast-page-background-enabled":"default","ast-page-background-meta":{"desktop":{"background-color":"","background-image":"","background-repeat":"repeat","background-position":"center center","background-size":"auto","background-attachment":"scroll","background-type":"","background-media":"","overlay-type":"","overlay-color":"","overlay-opacity":"","overlay-gradient":""},"tablet":{"background-color":"","background-image":"","background-repeat":"repeat","background-position":"center center","background-size":"auto","background-attachment":"scroll","background-type":"","background-media":"","overlay-type":"","overlay-color":"","overlay-opacity":"","overlay-gradient":""},"mobile":{"background-color":"","background-image":"","background-repeat":"repeat","background-position":"center center","background-size":"auto","background-attachment":"scroll","background-type":"","background-media":"","overlay-type":"","overlay-color":"","overlay-opacity":"","overlay-gradient":""}},"ast-content-background-meta":{"desktop":{"background-color":"var(--ast-global-color-5)","background-image":"","background-repeat":"repeat","background-position":"center center","background-size":"auto","background-attachment":"scroll","background-type":"","background-media":"","overlay-type":"","overlay-color":"","overlay-opacity":"","overlay-gradient":""},"tablet":{"background-color":"var(--ast-global-color-5)","background-image":"","background-repeat":"repeat","background-position":"center center","background-size":"auto","background-attachment":"scroll","background-type":"","background-media":"","overlay-type":"","overlay-color":"","overlay-opacity":"","overlay-gradient":""},"mobile":{"background-color":"var(--ast-global-color-5)","background-image":"","background-repeat":"repeat","background-position":"center center","background-size":"auto","background-attachment":"scroll","background-type":"","background-media":"","overlay-type":"","overlay-color":"","overlay-opacity":"","overlay-gradient":""}},"footnotes":""},"class_list":["post-1422","page","type-page","status-publish","hentry"],"_links":{"self":[{"href":"https:\/\/pontprecis.es\/ca\/wp-json\/wp\/v2\/pages\/1422","targetHints":{"allow":["GET"]}}],"collection":[{"href":"https:\/\/pontprecis.es\/ca\/wp-json\/wp\/v2\/pages"}],"about":[{"href":"https:\/\/pontprecis.es\/ca\/wp-json\/wp\/v2\/types\/page"}],"author":[{"embeddable":true,"href":"https:\/\/pontprecis.es\/ca\/wp-json\/wp\/v2\/users\/1"}],"replies":[{"embeddable":true,"href":"https:\/\/pontprecis.es\/ca\/wp-json\/wp\/v2\/comments?post=1422"}],"version-history":[{"count":3,"href":"https:\/\/pontprecis.es\/ca\/wp-json\/wp\/v2\/pages\/1422\/revisions"}],"predecessor-version":[{"id":1425,"href":"https:\/\/pontprecis.es\/ca\/wp-json\/wp\/v2\/pages\/1422\/revisions\/1425"}],"wp:attachment":[{"href":"https:\/\/pontprecis.es\/ca\/wp-json\/wp\/v2\/media?parent=1422"}],"curies":[{"name":"wp","href":"https:\/\/api.w.org\/{rel}","templated":true}]}}