{"id":1447,"date":"2021-03-29T16:55:11","date_gmt":"2021-03-29T16:55:11","guid":{"rendered":"https:\/\/pontprecis.es\/politica-de-cookies\/"},"modified":"2021-09-03T09:50:59","modified_gmt":"2021-09-03T07:50:59","slug":"politica-de-cookies","status":"publish","type":"page","link":"https:\/\/pontprecis.es\/ca\/politica-de-cookies\/","title":{"rendered":"Pol\u00edtica de cookies"},"content":{"rendered":"<p><span style=\"vertical-align: inherit;\">PONT precis, SLU amb domicili a, POLIGONO INDUSTRIAL EL PONT, CARRER LES FONTS 31, EL PONT DE VILOMARA, BARCELONA (08254), utilitza cookies per al funcionament del seu lloc web.<\/span><\/p>\r\n<p><!-- \/wp:post-content -->\r\n\r\n<!-- wp:paragraph --><\/p>\r\n<p><span style=\"vertical-align: inherit;\">Les cookies s\u00f3n arxius de text que contenen petites quantitats d&#8217;informaci\u00f3 que es descarreguen en el seu ordinador o dispositiu m\u00f2bil quan vost\u00e8 visita un lloc web. Les galetes s&#8217;envien de tornada a la p\u00e0gina web original en cada visita posterior, oa un altre lloc web que les reconeix. Les cookies s\u00f3n \u00fatils perqu\u00e8 permeten a un lloc web recon\u00e8ixer el dispositiu de l&#8217;usuari. Les galetes poden realitzar diferents funcions com permetre navegar entre les p\u00e0gines de manera eficient, recordant les seves prefer\u00e8ncies, i en general millorar la navegaci\u00f3 de l&#8217;usuari.<\/span><\/p>\r\n<p><!-- \/wp:paragraph -->\r\n\r\n<!-- wp:heading {\"level\":4} --><\/p>\r\n<h4><span style=\"vertical-align: inherit;\">Desactivaci\u00f3, eliminaci\u00f3 de les galetes i revocaci\u00f3 de consentiment &#8220;opt out&#8221;.<\/span><\/h4>\r\n<p><!-- \/wp:heading -->\r\n\r\n<!-- wp:paragraph --><\/p>\r\n<p><span style=\"vertical-align: inherit;\">La majoria de navegadors web permet gestionar, en qualsevol moment, les prefer\u00e8ncies de l&#8217;Usuari sobre l&#8217;\u00fas de les Galetes. L&#8217;Usuari pot ajustar el seu navegador perqu\u00e8 rebutgi Galetes o elimini determinades Galetes segons el seu criteri.<\/span><\/p>\r\n<p><!-- \/wp:paragraph -->\r\n\r\n<!-- wp:paragraph --><\/p>\r\n<p><span style=\"vertical-align: inherit;\">Per obtenir m\u00e9s informaci\u00f3 sobre les cookies i permetre, bloquejar o eliminar les cookies instal\u00b7lades en el seu equip, l&#8217;Usuari pot fer-ho mitjan\u00e7ant la configuraci\u00f3 de les opcions de el navegador instal\u00b7lat al seu ordinador, sent el funcionament de la seg\u00fcent manera:<\/span><\/p>\r\n<p><!-- \/wp:paragraph -->\r\n\r\n<!-- wp:paragraph --><\/p>\r\n<p><span style=\"vertical-align: inherit;\">Si utilitzeu <\/span><strong><span style=\"vertical-align: inherit;\">Microsoft Internet Explorer<\/span><\/strong><span style=\"vertical-align: inherit;\"> , la informaci\u00f3 sobre com bloquejar o eliminar l&#8217;\u00fas de la cookies pot fer-ho mitjan\u00e7ant l&#8217;opci\u00f3 de men\u00fa Eines, seleccionant Opcions d&#8217;Internet i accedint a Privadesa i finalment a Configuraci\u00f3.<\/span><\/p>\r\n<p><!-- \/wp:paragraph -->\r\n\r\n<!-- wp:paragraph --><\/p>\r\n<p><span style=\"vertical-align: inherit;\">Per a m\u00e9s informaci\u00f3, podeu consultar la seg\u00fcent URL: <a href=\"http:\/\/windows.microsoft.com\/es-es\/windows7\/how-to-manage-cookies-in-internet-explorer-9\" target=\"_blank\" rel=\"noreferrer noopener\"><strong>http:\/\/windows.microsoft.com\/es-es\/windows7\/how-to-manage-cookies-in-internet-explorer-9<\/strong><\/a> \u00a0o l&#8217;Ajuda de el navegador amb el terme &#8221; cookie &#8220;.<\/span><a href=\"http:\/\/windows.microsoft.com\/es-es\/windows7\/how-to-manage-cookies-in-internet-explorer-9\" target=\"_blank\" rel=\"noreferrer noopener\"><strong>\u00a0<\/strong><\/a><\/p>\r\n<p><!-- \/wp:paragraph -->\r\n\r\n<!-- wp:paragraph --><\/p>\r\n<p><span style=\"vertical-align: inherit;\">Si utilitzeu <\/span><strong><span style=\"vertical-align: inherit;\">Firefox<\/span><\/strong><span style=\"vertical-align: inherit;\"> , la informaci\u00f3 sobre com bloquejar o eliminar l&#8217;\u00fas de la cookies per a Mac pot fer-ho mitjan\u00e7ant l&#8217;opci\u00f3 de men\u00fa Arranjament, seleccionant Privadesa, accedint a l&#8217;apartat Mostra Galetes; i per a Windows en l&#8217;opci\u00f3 de men\u00fa Eines, seleccionant Opcions, accedint a Privadesa i despr\u00e9s a Utilitza una configuraci\u00f3 personalitzada per l&#8217;historial.<\/span><\/p>\r\n<p><!-- \/wp:paragraph -->\r\n\r\n<!-- wp:paragraph --><\/p>\r\n<p><span style=\"vertical-align: inherit;\">Per a m\u00e9s informaci\u00f3, podeu consultar la seg\u00fcent URL:\u00a0 <\/span><a href=\"https:\/\/support.mozilla.org\/es\/kb\/habilitar-y-deshabilitar-cookies-que-los-sitios-we\" target=\"_blank\" rel=\"noreferrer noopener\"><strong><span style=\"vertical-align: inherit;\">https:\/\/support.mozilla.org\/es\/kb\/habilitar-y-deshabilitar-cookies-que-los-sitios-we<\/span><\/strong><\/a><\/p>\r\n<p><!-- \/wp:paragraph -->\r\n\r\n<!-- wp:paragraph --><\/p>\r\n<p><span style=\"vertical-align: inherit;\">Si utilitzeu\u00a0 <\/span><strong><span style=\"vertical-align: inherit;\">Safari<\/span><\/strong><span style=\"vertical-align: inherit;\"> , la informaci\u00f3 sobre com bloquejar o eliminar l&#8217;\u00fas de la cookies pot fer-ho mitjan\u00e7ant l&#8217;opci\u00f3 de men\u00fa Edici\u00f3 \u00ac Prefer\u00e8ncies \u00ac Privadesa i seleccionant les opcions que desitgi.<\/span><\/p>\r\n<p><!-- \/wp:paragraph -->\r\n\r\n<!-- wp:paragraph --><\/p>\r\n<p><span style=\"vertical-align: inherit;\">Per a m\u00e9s informaci\u00f3, podeu consultar el suport d&#8217;Apple:\u00a0 <\/span><a href=\"http:\/\/www.apple.com\/es\/support\/mac-apps\/safari\/\" target=\"_blank\" rel=\"noreferrer noopener\"><strong><span style=\"vertical-align: inherit;\">http:\/\/www.apple.com\/es\/support\/mac-apps\/safari\/<\/span><\/strong><\/a><span style=\"vertical-align: inherit;\"> \u00a0o l&#8217;Ajuda de el navegador.<\/span><\/p>\r\n<p><!-- \/wp:paragraph -->\r\n\r\n<!-- wp:paragraph --><\/p>\r\n<p><span style=\"vertical-align: inherit;\">Si utilitzeu\u00a0 <\/span><strong><span style=\"vertical-align: inherit;\">Google Chrome<\/span><\/strong><span style=\"vertical-align: inherit;\"> ,, la informaci\u00f3 sobre com bloquejar o eliminar l&#8217;\u00fas de la cookies pot fer-ho mitjan\u00e7ant l&#8217;opci\u00f3 de men\u00fa Eines, seleccionant Configuraci\u00f3 (Prefer\u00e8ncies en Mac), accedint a Avan\u00e7ades i despr\u00e9s en l&#8217;opci\u00f3 Configuraci\u00f3 de continguts de la secci\u00f3 privadesa, i finalment seleccionant la configuraci\u00f3 de galetes que desitgi.<\/span><\/p>\r\n<p><!-- \/wp:paragraph -->\r\n\r\n<!-- wp:paragraph --><\/p>\r\n<p><span style=\"vertical-align: inherit;\">Per a m\u00e9s informaci\u00f3, podeu consultar la seg\u00fcent URL:\u00a0 <\/span><a href=\"https:\/\/support.google.com\/chrome\/answer\/95647?hl=es\" target=\"_blank\" rel=\"noreferrer noopener\"><strong><span style=\"vertical-align: inherit;\">https:\/\/support.google.com\/chrome\/answer\/95647?hl=es<\/span><\/strong><\/a><span style=\"vertical-align: inherit;\"> \u00a0o l&#8217;Ajuda de el navegador amb el terme &#8220;Cookie&#8221;<\/span><\/p>","protected":false},"excerpt":{"rendered":"<p>PONT precis, SLU amb domicili a, POLIGONO INDUSTRIAL EL PONT, CARRER LES FONTS 31, EL PONT DE VILOMARA, BARCELONA (08254), utilitza cookies per al funcionament del seu lloc web. Les cookies s\u00f3n arxius de text que contenen petites quantitats d&#8217;informaci\u00f3 que es descarreguen en el seu ordinador o dispositiu m\u00f2bil quan vost\u00e8 visita un lloc [&hellip;]<\/p>\n","protected":false},"author":1,"featured_media":0,"parent":0,"menu_order":0,"comment_status":"closed","ping_status":"closed","template":"","meta":{"site-sidebar-layout":"default","site-content-layout":"default","ast-site-content-layout":"default","site-content-style":"default","site-sidebar-style":"default","ast-global-header-display":"","ast-banner-title-visibility":"","ast-main-header-display":"","ast-hfb-above-header-display":"","ast-hfb-below-header-display":"","ast-hfb-mobile-header-display":"","site-post-title":"","ast-breadcrumbs-content":"","ast-featured-img":"","footer-sml-layout":"","ast-disable-related-posts":"","theme-transparent-header-meta":"default","adv-header-id-meta":"","stick-header-meta":"default","header-above-stick-meta":"","header-main-stick-meta":"","header-below-stick-meta":"","astra-migrate-meta-layouts":"default","ast-page-background-enabled":"default","ast-page-background-meta":{"desktop":{"background-color":"","background-image":"","background-repeat":"repeat","background-position":"center center","background-size":"auto","background-attachment":"scroll","background-type":"","background-media":"","overlay-type":"","overlay-color":"","overlay-opacity":"","overlay-gradient":""},"tablet":{"background-color":"","background-image":"","background-repeat":"repeat","background-position":"center center","background-size":"auto","background-attachment":"scroll","background-type":"","background-media":"","overlay-type":"","overlay-color":"","overlay-opacity":"","overlay-gradient":""},"mobile":{"background-color":"","background-image":"","background-repeat":"repeat","background-position":"center center","background-size":"auto","background-attachment":"scroll","background-type":"","background-media":"","overlay-type":"","overlay-color":"","overlay-opacity":"","overlay-gradient":""}},"ast-content-background-meta":{"desktop":{"background-color":"var(--ast-global-color-5)","background-image":"","background-repeat":"repeat","background-position":"center center","background-size":"auto","background-attachment":"scroll","background-type":"","background-media":"","overlay-type":"","overlay-color":"","overlay-opacity":"","overlay-gradient":""},"tablet":{"background-color":"var(--ast-global-color-5)","background-image":"","background-repeat":"repeat","background-position":"center center","background-size":"auto","background-attachment":"scroll","background-type":"","background-media":"","overlay-type":"","overlay-color":"","overlay-opacity":"","overlay-gradient":""},"mobile":{"background-color":"var(--ast-global-color-5)","background-image":"","background-repeat":"repeat","background-position":"center center","background-size":"auto","background-attachment":"scroll","background-type":"","background-media":"","overlay-type":"","overlay-color":"","overlay-opacity":"","overlay-gradient":""}},"footnotes":""},"class_list":["post-1447","page","type-page","status-publish","hentry"],"_links":{"self":[{"href":"https:\/\/pontprecis.es\/ca\/wp-json\/wp\/v2\/pages\/1447","targetHints":{"allow":["GET"]}}],"collection":[{"href":"https:\/\/pontprecis.es\/ca\/wp-json\/wp\/v2\/pages"}],"about":[{"href":"https:\/\/pontprecis.es\/ca\/wp-json\/wp\/v2\/types\/page"}],"author":[{"embeddable":true,"href":"https:\/\/pontprecis.es\/ca\/wp-json\/wp\/v2\/users\/1"}],"replies":[{"embeddable":true,"href":"https:\/\/pontprecis.es\/ca\/wp-json\/wp\/v2\/comments?post=1447"}],"version-history":[{"count":1,"href":"https:\/\/pontprecis.es\/ca\/wp-json\/wp\/v2\/pages\/1447\/revisions"}],"predecessor-version":[{"id":1448,"href":"https:\/\/pontprecis.es\/ca\/wp-json\/wp\/v2\/pages\/1447\/revisions\/1448"}],"wp:attachment":[{"href":"https:\/\/pontprecis.es\/ca\/wp-json\/wp\/v2\/media?parent=1447"}],"curies":[{"name":"wp","href":"https:\/\/api.w.org\/{rel}","templated":true}]}}